{"id":4718,"date":"2014-03-03T11:36:56","date_gmt":"2014-03-03T10:36:56","guid":{"rendered":"https:\/\/pflanzencenter.ch\/index.php\/?page_id=4718"},"modified":"2025-08-26T21:14:04","modified_gmt":"2025-08-26T19:14:04","slug":"stauden-2014","status":"publish","type":"page","link":"https:\/\/pflanzencenter.ch\/?page_id=4718","title":{"rendered":"Stauden"},"content":{"rendered":"[vc_row type=&#8220;in_container&#8220; full_screen_row_position=&#8220;middle&#8220; column_margin=&#8220;default&#8220; column_direction=&#8220;default&#8220; column_direction_tablet=&#8220;default&#8220; column_direction_phone=&#8220;default&#8220; full_height=&#8220;yes&#8220; scene_position=&#8220;center&#8220; text_color=&#8220;dark&#8220; text_align=&#8220;left&#8220; row_border_radius=&#8220;none&#8220; row_border_radius_applies=&#8220;bg&#8220; overflow=&#8220;visible&#8220; overlay_strength=&#8220;0.3&#8243; gradient_direction=&#8220;left_to_right&#8220; shape_divider_position=&#8220;bottom&#8220; bg_image_animation=&#8220;none&#8220; shape_type=&#8220;&#8220;][vc_column column_padding=&#8220;padding-10-percent&#8220; column_padding_tablet=&#8220;inherit&#8220; column_padding_phone=&#8220;inherit&#8220; column_padding_position=&#8220;top-bottom&#8220; column_element_spacing=&#8220;default&#8220; background_color_opacity=&#8220;1&#8243; background_hover_color_opacity=&#8220;1&#8243; column_shadow=&#8220;none&#8220; column_border_radius=&#8220;none&#8220; column_link_target=&#8220;_self&#8220; column_position=&#8220;default&#8220; gradient_direction=&#8220;left_to_right&#8220; overlay_strength=&#8220;0.3&#8243; width=&#8220;1\/1&#8243; tablet_width_inherit=&#8220;default&#8220; tablet_text_alignment=&#8220;default&#8220; phone_text_alignment=&#8220;default&#8220; animation_type=&#8220;default&#8220; enable_animation=&#8220;true&#8220; animation=&#8220;fade-in-from-bottom&#8220; bg_image_animation=&#8220;fade-in&#8220; border_type=&#8220;simple&#8220; column_border_width=&#8220;none&#8220; column_border_style=&#8220;solid&#8220;][vc_column_text]\n<h2>Stauden<\/h2>\n[\/vc_column_text][image_with_animation image_url=&#8220;16264&#8243; image_size=&#8220;portfolio-thumb&#8220; animation_type=&#8220;entrance&#8220; animation=&#8220;Fade In&#8220; hover_animation=&#8220;none&#8220; alignment=&#8220;&#8220; border_radius=&#8220;none&#8220; box_shadow=&#8220;none&#8220; image_loading=&#8220;default&#8220; max_width=&#8220;100%&#8220; max_width_mobile=&#8220;default&#8220;][vc_column_text]Als Stauden werden alle krautigen, winterharten Pflanzen bezeichnet. Ihre oberirdischen Teile sterben im Herbst meistens ab und \u00fcberwintern unterirdisch in Wurzelst\u00f6cken. Sie faszinieren mit einer unglaublichen Vielseitigkeit. Eine wahre Bereicherung f\u00fcr jeden noch so kleinen Garten. Sie ziehen das ganze Jahr Blicke auf sich mit ihrem Austrieb, ihrer Bl\u00fcte, Blattf\u00e4rbung oder den dekorativen Samenst\u00e4nden im Winter.<\/p>\n<p>Sumpf- und Wasserpflanzen erhalten Sie auf Bestellung. Viel Vergn\u00fcgen beim Durchst\u00f6bern unserer staudigen Gartensch\u00e4tzen.[\/vc_column_text][divider line_type=&#8220;No Line&#8220;][\/vc_column][\/vc_row]","protected":false},"excerpt":{"rendered":"<p>[vc_row type=&#8220;in_container&#8220; full_screen_row_position=&#8220;middle&#8220; column_margin=&#8220;default&#8220; column_direction=&#8220;default&#8220; column_direction_tablet=&#8220;default&#8220; column_direction_phone=&#8220;default&#8220; full_height=&#8220;yes&#8220; scene_position=&#8220;center&#8220; text_color=&#8220;dark&#8220; text_align=&#8220;left&#8220; row_border_radius=&#8220;none&#8220; row_border_radius_applies=&#8220;bg&#8220; overflow=&#8220;visible&#8220; overlay_strength=&#8220;0.3&#8243; gradient_direction=&#8220;left_to_right&#8220; shape_divider_position=&#8220;bottom&#8220; bg_image_animation=&#8220;none&#8220; shape_type=&#8220;&#8220;][vc_column column_padding=&#8220;padding-10-percent&#8220; column_padding_tablet=&#8220;inherit&#8220; column_padding_phone=&#8220;inherit&#8220; column_padding_position=&#8220;top-bottom&#8220; column_element_spacing=&#8220;default&#8220; background_color_opacity=&#8220;1&#8243; background_hover_color_opacity=&#8220;1&#8243; column_shadow=&#8220;none&#8220; column_border_radius=&#8220;none&#8220; column_link_target=&#8220;_self&#8220; column_position=&#8220;default&#8220;&#8230;<\/p>\n","protected":false},"author":3,"featured_media":10740,"parent":6,"menu_order":0,"comment_status":"closed","ping_status":"closed","template":"","meta":{"_acf_changed":false,"footnotes":""},"class_list":["post-4718","page","type-page","status-publish","has-post-thumbnail"],"acf":[],"_links":{"self":[{"href":"https:\/\/pflanzencenter.ch\/index.php?rest_route=\/wp\/v2\/pages\/4718","targetHints":{"allow":["GET"]}}],"collection":[{"href":"https:\/\/pflanzencenter.ch\/index.php?rest_route=\/wp\/v2\/pages"}],"about":[{"href":"https:\/\/pflanzencenter.ch\/index.php?rest_route=\/wp\/v2\/types\/page"}],"author":[{"embeddable":true,"href":"https:\/\/pflanzencenter.ch\/index.php?rest_route=\/wp\/v2\/users\/3"}],"replies":[{"embeddable":true,"href":"https:\/\/pflanzencenter.ch\/index.php?rest_route=%2Fwp%2Fv2%2Fcomments&post=4718"}],"version-history":[{"count":20,"href":"https:\/\/pflanzencenter.ch\/index.php?rest_route=\/wp\/v2\/pages\/4718\/revisions"}],"predecessor-version":[{"id":16277,"href":"https:\/\/pflanzencenter.ch\/index.php?rest_route=\/wp\/v2\/pages\/4718\/revisions\/16277"}],"up":[{"embeddable":true,"href":"https:\/\/pflanzencenter.ch\/index.php?rest_route=\/wp\/v2\/pages\/6"}],"wp:featuredmedia":[{"embeddable":true,"href":"https:\/\/pflanzencenter.ch\/index.php?rest_route=\/wp\/v2\/media\/10740"}],"wp:attachment":[{"href":"https:\/\/pflanzencenter.ch\/index.php?rest_route=%2Fwp%2Fv2%2Fmedia&parent=4718"}],"curies":[{"name":"wp","href":"https:\/\/api.w.org\/{rel}","templated":true}]}}